{"id":39,"date":"2020-10-19T10:06:24","date_gmt":"2020-10-19T08:06:24","guid":{"rendered":"http:\/\/stime.irium.software\/location"},"modified":"2020-11-09T13:53:54","modified_gmt":"2020-11-09T12:53:54","slug":"location","status":"publish","type":"page","link":"https:\/\/stime.irium.software\/en\/","title":{"rendered":"Rent from Les Mousquetaires"},"content":{"rendered":"<div>\t\r\n\t<form action=\"https:\/\/stime.irium.software\/en\/1779-2\/\" method=\"post\" id=\"monForm\" class=\"needs-validation form-resa\">\r\n\t\t\t\t\t\t<div class=\"form-row row locpress-module border bg-white\">\t\r\n\t\t\t<div class=\"row w-100 mt-2 mr-3 ml-3 mt-0\">\r\n\t\t\t\t<div class=\"form-group col-12 pl-0 pr-0\">\r\n\t\t\t\t\t<label for=\"inputState\">Votre magasin<\/label>\r\n\t\t\t\t\t<div class=\"input-group\">\r\n\t\t\t\t\t\t<input type=\"text\" class=\"form-control \" autocomplete=\"off\" aria-label=\"Saisir votre code postal ou g\u00e9olocalisez-vous !\" placeholder=\"Saisir votre code postal, votre commune ou g\u00e9olocalisez-vous !\" name=\"municipality\" id=\"municipality\"\/>\r\n\t\t\t\t\t\t\r\n    \t\t\t\t\t<span class=\"form-control d-none\" id=\"locationTextarea\">\r\n\t\t\t\t\t\t\t \t\t\t\t\t\t\t<br \/>\r\n\t\t\t\t\t\t\t<small> -  <\/small>\r\n\t\t\t\t\t\t<\/span>\r\n\t\t\t\t\t\t<input type=\"text\" class=\"form-control d-none\" autocomplete=\"off\" aria-label=\"Saisir votre code postal ou g\u00e9olocalisez-vous !\" placeholder=\"Saisir votre code postal ou g\u00e9olocalisez-vous !\" name=\"location\" id=\"location\" value=\"\">\r\n\t\t\t\t\t\t<input type=\"hidden\" value=\"\" id=\"idLocations\" name=\"idLocations\" data-wording=\" \" \/>\r\n\t\t\t\t\t\t<div class=\"input-group-append\">\r\n\t\t\t\t\t\t\t<span id=\"error_nominatim\" title=\"Nous rencontrons un probl\u00e8me avec la saisie, veuillez vous g\u00e9olocaliser\"><\/span>\r\n\t\t\t\t\t\t\t<button id=\"find_btn\" class=\"btn btn-outline-secondary \" title=\"G\u00e9olocalisez-vous !\"><i class=\"fa fa-crosshairs\" aria-hidden=\"true\"><\/i><\/button>\r\n\t\t\t\t\t\t\t<button id=\"changelocation_btn\" class=\"btn btn-outline-secondary d-none\" title=\"Changer d'agence\"><i class=\"fa fa-close\" aria-hidden=\"true\"><\/i><\/button>\r\n\t\t\t\t\t\t<\/div>\r\n\t\t\t\t\t\t<ul class=\"list-group d-none\" id=\"selectList\"><\/ul>\r\n\t\t\t\t\t<\/div>\r\n\t\t\t\t<\/div>\r\n\t\t\t<\/div>\r\n\r\n\t\t\t<div class=\"row w-100 mr-3 ml-3 mt-0 \">\r\n\t\t\t\t<div class=\"form-group timepicker-hours col-sm-6  pl-0 m-0\">\r\n\t\t\t\t\t<label for=\"depart\">Date et heure de votre d\u00e9part<\/label>\r\n\t\t\t\t\t<div class=\"div-date\" onclick=\"showDepartMenu()\">\r\n\t\t\t\t\t\t<input disabled=\"disabled\" tabindex=\"1\" autocomplete=\"off\" type=\"text\" class=\"form-control bg-white\" id=\"depart\" name=\"depart\" required=\"required\" placeholder=\"D\u00e9part\" value=\"\" onkeydown=\"\" onblur=\"this.setCustomValidity('')\" oninput=\"this.setCustomValidity('')\" oninvalid=\"this.setCustomValidity('Veuillez s\u00e9lectionner une date de d\u00e9part')\">\r\n\t\t\t\t\t\t<i class=\"fa fa-calendar btn-icon\" aria-hidden=\"true\"><\/i>\r\n\t\t\t\t\t\t<input type=\"hidden\" id=\"i-depart\" \/>\r\n\t\t\t\t\t<\/div>\r\n\t\t\t\t\t<div class=\"invalid-value text-danger error-hours\" id=\"i-depart-error\">Agence ferm\u00e9e \u00e0 cet horaire<\/div>\r\n\t\t\t\t\t<div class=\"invalid-feedback\">Veuillez s\u00e9lectionner une date de d\u00e9part<\/div>\r\n\t\t\t\t\t<input type=\"hidden\" name=\"startDate\" value=\"\" id=\"startDate\">\r\n\r\n\t\t\t\t\t<input type=\"hidden\" name=\"startDate_date\" value=\"\" id=\"startDate_date\">\r\n\r\n\t\t\t\t\t<div id=\"calendar-depart\">\r\n\t\t\t\t\t\t<div class=\"form-group mb-1\">\r\n\t\t\t\t\t\t\t<div class=\"row\">\r\n\t\t\t\t\t\t\t\t<div class=\"col-12 mb-3\">\r\n\t\t\t\t\t\t\t\t\t<div id=\"datetimepickerDepart\"><\/div>\r\n\t\t\t\t\t\t\t\t<\/div>\r\n\t\t\t\t\t\t\t\t<div class=\"col-12\"><div class=\"bg-primary text-white p-2 text-center mb-3\">S\u00e9lectionnez l'heure<\/div><\/div>\r\n\t\t\t\t\t\t\t\t<div class=\"col-6 d-flex align-items-center\">\r\n\t\t\t\t\t\t\t\t\t<select class=\"form-select\" id=\"startDate_hour\" name=\"startDate_hour\" data-minutes=\"startDate_minute\" disabled><\/select>\r\n\t\t\t\t\t\t\t\t\t<span class=\"ml-2\">h<\/span>\r\n\t\t\t\t\t\t\t\t<\/div>\r\n\t\t\t\t\t\t\t\t<div class=\"col-6 d-flex align-items-center\">\r\n\t\t\t\t\t\t\t\t\t<select class=\"form-select\" id=\"startDate_minute\" name=\"startDate_minute\" disabled><\/select>\r\n\t\t\t\t\t\t\t\t\t<span class=\"ml-2\">min<\/span>\r\n\t\t\t\t\t\t\t\t<\/div>\r\n\t\t\t\t\t\t\t<\/div>\r\n\t\t\t\t\t\t<\/div>\r\n\t\t\t\t\t<\/div>\r\n\t\t\t\t<\/div>\r\n\r\n\t\t\t\t<div class=\"form-group timepicker-hours col-sm-6  pr-0 m-0\">\r\n\t\t\t\t\t<label for=\"retour\">Date et heure de votre retour<\/label>\r\n\t\t\t\t\t<div class=\"div-date returnDateBlock\" onclick=\"showReturnMenu()\">\r\n\t\t\t\t\t\t<input disabled=\"disabled\" tabindex=\"2\" autocomplete=\"off\" type=\"text\" class=\"form-control  bg-white\" id=\"retour\" name=\"retour\" required placeholder=\"Retour\" value=\"\" onblur=\"this.setCustomValidity('')\" oninput=\"this.setCustomValidity('')\" oninvalid=\"this.setCustomValidity('Veuillez s\u00e9lectionner une date de retour')\">\r\n\t\t\t\t\t\t<i class=\"fa fa-calendar btn-icon\" aria-hidden=\"true\"><\/i>\r\n\t\t\t\t\t\t<input type=\"hidden\" id=\"i-retour\" \/>\r\n\t\t\t\t\t<\/div>\r\n\t\t\t\t\t<div class=\"invalid-value text-danger error-hours\" id=\"i-retour-error\">Agence ferm\u00e9e \u00e0 cet horaire<\/div>\r\n\t\t\t\t\t<div class=\"invalid-value text-danger\" id=\"invalidReturnDate\">R\u00e9servation pour 3h minimum<\/div>\r\n\t\t\t\t\t<div class=\"invalid-value text-danger\" id=\"invalidReturnDateVP\">La dur\u00e9e minimum de location pour un v\u00e9hicule de tourisme est de 24h<\/div>\r\n\t\t\t\t\t<div class=\"invalid-value text-danger\" id=\"invalidReturnDateVE\">La dur\u00e9e minimum de location pour un v\u00e9hicule \u00e9lectrique est de 24h<\/div>\t\t\t\t\t\r\n\t\t\t\t\t<input type=\"hidden\" name=\"plannedReturnDate\" value=\"\" id=\"plannedReturnDate\">\r\n\t\t\t\t\t\r\n\r\n\t\t\t\t\t<input type=\"hidden\" name=\"plannedReturnDate_date\" value=\"\" id=\"plannedReturnDate_date\">\r\n\r\n\t\t\t\t\t<div id=\"calendar-retour\">\r\n\t\t\t\t\t\t<div class=\"form-group mb-1\">\r\n\t\t\t\t\t\t\t<div class=\"row\">\r\n\t\t\t\t\t\t\t\t<div class=\"col-12 mb-3\">\r\n\t\t\t\t\t\t\t\t\t<div id=\"datetimepickerRetour\"><\/div>\r\n\t\t\t\t\t\t\t\t<\/div>\r\n\t\t\t\t\t\t\t\t<div class=\"col-12\"><div class=\"bg-primary text-white p-2 text-center mb-3\">S\u00e9lectionnez l'heure<\/div><\/div>\r\n\t\t\t\t\t\t\t\t<div class=\"col-6 d-flex align-items-center\">\r\n\t\t\t\t\t\t\t\t\t<select class=\"form-select\" id=\"plannedReturnDate_hour\" name=\"plannedReturnDate_hour\" data-minutes=\"plannedReturnDate_minute\" disabled><\/select>\r\n\t\t\t\t\t\t\t\t\t<span class=\"ml-2\">h<\/span>\r\n\t\t\t\t\t\t\t\t<\/div>\r\n\t\t\t\t\t\t\t\t<div class=\"col-6 d-flex align-items-center\">\r\n\t\t\t\t\t\t\t\t\t<select class=\"form-select\" id=\"plannedReturnDate_minute\" name=\"plannedReturnDate_minute\" disabled><\/select>\r\n\t\t\t\t\t\t\t\t\t<span class=\"ml-2\">min<\/span>\r\n\t\t\t\t\t\t\t\t<\/div>\r\n\t\t\t\t\t\t\t<\/div>\r\n\t\t\t\t\t\t<\/div>\r\n\t\t\t\t\t<\/div>\r\n\t\t\t\t<\/div>\r\n\t\t\t<\/div>\r\n\r\n\r\n\t\t\t<div class=\"row w-100 mr-3 ml-3 mt-0 last-row\">\r\n\t\t\t\t<div class=\"col-sm left-col pl-0\">\r\n\t\t\t\t\t<div class=\"form-group col-sm-6 pull-left pl-0 mb-0\">\r\n\t\t\t\t\t\t<label for=\"inputState\">Type de location<\/label>\r\n\t\t\t\t\t\t<select disabled=\"disabled\" tabindex=\"3\" id=\"equipmentType\" name=\"equipmentType\" class=\"form-control\" placeholder=\"Choisir...\" required>\r\n\t\t\t\t\t\t\t\t\t\t\t\t\t<\/select>\r\n\t\t\t\t\t<\/div>\r\n\t\t\t\t\t<div class=\"form-group col-sm-6 pull-left pl-0 mb-0\">\r\n\t\t\t\t\t\t<label for=\"wantedMileage\">Nombre de kilom\u00e8tres<\/label>\r\n\t\t\t\t\t\t<input disabled=\"disabled\" tabindex=\"4\" autocomplete=\"off\" type=\"number\" min=\"1\" max=\"9999\" class=\"form-control\" id=\"wantedMileage\" value=\"\" name=\"wantedMileage\" required=\"required\" onblur=\"this.setCustomValidity('')\" oninput=\"this.setCustomValidity('')\" oninvalid=\"this.setCustomValidity('Veuillez entrer un nombre inf\u00e9rieur \u00e0 10 000 kilom\u00e9tres ')\">\r\n\r\n\t\t\t\t\t\t<div class=\"invalid-feedback\">Veuillez entrer un nombre de kilom\u00e9tres<\/div>\r\n\t\t\t\t\t<\/div>\r\n\t\t\t\t<\/div>\r\n\t\t\t\t<div class=\"form-group right-col pull-right mb-0\">\r\n\t\t\t\t\t<label for=\"recherche\" style=\"width: 100%;height: 0rem;\">&nbsp;<\/label>\r\n\t\t\t\t\t<input type=\"hidden\" name=\"formResa\" value=\"OK\" \/>\r\n\t\t\t\t\t<button tabindex=\"5\" id=\"recherche\" class=\"btn btn-primary w-100\" disabled=\"disabled\">\r\n\t\t\t\t\t\t<span class=\"text\">Rechercher ...<\/span>\r\n\t\t\t\t\t\t<span class=\"spinner-border spinner-grow-sm d-none\" role=\"status\" aria-hidden=\"true\"><\/span>\r\n\t\t\t\t\t<\/button>\r\n\t\t\t\t<\/div>\r\n\t\t\t<\/div>\r\n\t\t<\/div>\r\n\t\t<input type=\"hidden\" name=\"toktoktok\" value=\"a7b1166f03de47ccbb8d1c508206d525f771dacbdd04f9b9\"\/>\t\t\r\n\t\t<p class=\"mt-1 text-center\">\r\n\t\t\tEtes-vous flexible sur les dates de votre r\u00e9servation ?\t\t\t<label><input type=\"radio\" name=\"areYouFlexible\" value=\"1\" class=\"ml-2\" \/> Oui<\/label>\r\n\t\t\t<label><input type=\"radio\" name=\"areYouFlexible\" value=\"0\" class=\"ml-2\" checked\/> Non<\/label>\r\n\t\t<\/p>\r\n\t<\/form>\r\n\r\n<script type=\"text\/javascript\">\r\n\t\/\/ traduction\r\n\tvar formResaTrad = [];\r\n\tformResaTrad['chargementAdresse'] = 'Chargement Adresse';\r\n\tformResaTrad['chargementAgence'] = 'Recherche des magasins';\r\n\tformResaTrad['chargementMunicipalities'] = 'Recherche des communes';\r\n\r\n\t\/\/date de fin de la p\u00e9riode de tarif en cours\r\n\tpricingTime = moment('2026-12-31T00:00:00.000Z');\r\n\tpricingTime.set({\r\n\thour: 23,\r\n\tminute: 59,\r\n\tsecond: 59\r\n\t});\r\n<\/script><\/div>","protected":false},"excerpt":{"rendered":"","protected":false},"author":3,"featured_media":0,"parent":0,"menu_order":0,"comment_status":"closed","ping_status":"closed","template":"","meta":{"footnotes":""},"categories":[],"class_list":["post-39","page","type-page","status-publish","hentry"],"_links":{"self":[{"href":"https:\/\/stime.irium.software\/en\/wp-json\/wp\/v2\/pages\/39","targetHints":{"allow":["GET"]}}],"collection":[{"href":"https:\/\/stime.irium.software\/en\/wp-json\/wp\/v2\/pages"}],"about":[{"href":"https:\/\/stime.irium.software\/en\/wp-json\/wp\/v2\/types\/page"}],"author":[{"embeddable":true,"href":"https:\/\/stime.irium.software\/en\/wp-json\/wp\/v2\/users\/3"}],"replies":[{"embeddable":true,"href":"https:\/\/stime.irium.software\/en\/wp-json\/wp\/v2\/comments?post=39"}],"version-history":[{"count":0,"href":"https:\/\/stime.irium.software\/en\/wp-json\/wp\/v2\/pages\/39\/revisions"}],"wp:attachment":[{"href":"https:\/\/stime.irium.software\/en\/wp-json\/wp\/v2\/media?parent=39"}],"wp:term":[{"taxonomy":"category","embeddable":true,"href":"https:\/\/stime.irium.software\/en\/wp-json\/wp\/v2\/categories?post=39"}],"curies":[{"name":"wp","href":"https:\/\/api.w.org\/{rel}","templated":true}]}}